{"id":4447,"date":"2024-05-16T14:20:59","date_gmt":"2024-05-16T06:20:59","guid":{"rendered":"http:\/\/www.cgs-network.org\/cgi24\/?page_id=4447"},"modified":"2024-05-16T14:21:01","modified_gmt":"2024-05-16T06:21:01","slug":"travel-information","status":"publish","type":"page","link":"https:\/\/www.cgs-network.org\/cgi24\/travel-information\/","title":{"rendered":"Travel Information"},"content":{"rendered":"\n<h2 class=\"wp-block-heading\">Public Transportation<\/h2>\n\n\n\n<h3 class=\"wp-block-heading\"><strong>TRAINS <\/strong><\/h3>\n\n\n\n<p>From\/to Gen\u00e8ve A\u00e9roport Railway Station:<\/p>\n\n\n\n<ul class=\"wp-block-list\"><li><strong>Geneva<\/strong>&nbsp;(downtown),<\/li><li><strong>Switzerland<\/strong>,<\/li><li><strong>France<\/strong>.<\/li><li>The CFF Railway Station of Gen\u00e8ve A\u00e9roport is directly accessible from the Check-in and the Arrivals of Gen\u00e8ve A\u00e9roport.<\/li><\/ul>\n\n\n\n<p><strong><a href=\"https:\/\/www.gva.ch\/en\/Site\/Passagers\/Acces-Transports\/Transports-publics-aeroport\/Trains-Suisse-France\" target=\"_blank\" rel=\"noreferrer noopener\" aria-label=\"More info (opens in a new tab)\">More info<\/a><\/strong><\/p>\n\n\n\n<h3 class=\"wp-block-heading\"> <strong>URBAN BUSES<\/strong> <\/h3>\n\n\n\n<p>From\/to Gen\u00e8ve A\u00e9roport:<\/p>\n\n\n\n<ul class=\"wp-block-list\"><li><strong>Geneva<\/strong>\u00a0(downtown),<\/li><li><strong>canton of Geneva<\/strong>,<\/li><li><strong>neighbouring France<\/strong>. <\/li><li>The<strong>\u00a0<a rel=\"noreferrer noopener\" href=\"http:\/\/www.tpg.ch\/\" target=\"_blank\">TPG<\/a><\/strong>\u00a0<strong>urban buses<\/strong>\u00a0serve the airport at a frequency of 8-15 minutes at peak hours. <\/li><\/ul>\n\n\n\n<p><strong><a href=\"https:\/\/www.gva.ch\/en\/Site\/Passagers\/Acces-Transports\/Transports-publics-aeroport\/Bus-urbains-Geneve\" target=\"_blank\" rel=\"noreferrer noopener\" aria-label=\"More info (opens in a new tab)\">More info<\/a><\/strong><\/p>\n\n\n\n<h2 class=\"wp-block-heading\">Visa Information <\/h2>\n\n\n\n<p>For those who need a visa to enter Switzerland, please first register to the conference and then ask a letter of invitation to\u00a0<a href=\"mailto:cgi2024@miralab.ch\">cgi2024@miralab.ch<\/a><\/p>\n","protected":false},"excerpt":{"rendered":"<p>Public Transportation TRAINS From\/to Gen\u00e8ve A\u00e9roport Railway Station: Geneva&nbsp;(downtown), Switzerland, France. The CFF Railway Station of Gen\u00e8ve A\u00e9roport is directly accessible from the Check-in and the Arrivals of Gen\u00e8ve A\u00e9roport. &#8230;<\/p>\n","protected":false},"author":1,"featured_media":0,"parent":0,"menu_order":0,"comment_status":"closed","ping_status":"closed","template":"","meta":{"footnotes":""},"class_list":["post-4447","page","type-page","status-publish","hentry"],"_links":{"self":[{"href":"https:\/\/www.cgs-network.org\/cgi24\/wp-json\/wp\/v2\/pages\/4447","targetHints":{"allow":["GET"]}}],"collection":[{"href":"https:\/\/www.cgs-network.org\/cgi24\/wp-json\/wp\/v2\/pages"}],"about":[{"href":"https:\/\/www.cgs-network.org\/cgi24\/wp-json\/wp\/v2\/types\/page"}],"author":[{"embeddable":true,"href":"https:\/\/www.cgs-network.org\/cgi24\/wp-json\/wp\/v2\/users\/1"}],"replies":[{"embeddable":true,"href":"https:\/\/www.cgs-network.org\/cgi24\/wp-json\/wp\/v2\/comments?post=4447"}],"version-history":[{"count":1,"href":"https:\/\/www.cgs-network.org\/cgi24\/wp-json\/wp\/v2\/pages\/4447\/revisions"}],"predecessor-version":[{"id":4448,"href":"https:\/\/www.cgs-network.org\/cgi24\/wp-json\/wp\/v2\/pages\/4447\/revisions\/4448"}],"wp:attachment":[{"href":"https:\/\/www.cgs-network.org\/cgi24\/wp-json\/wp\/v2\/media?parent=4447"}],"curies":[{"name":"wp","href":"https:\/\/api.w.org\/{rel}","templated":true}]}}